 {"id":13565,"date":"2024-10-29T12:56:23","date_gmt":"2024-10-29T11:56:23","guid":{"rendered":"https:\/\/ciecina.e-przedszkolak.eu\/?page_id=13565"},"modified":"2024-10-29T12:56:23","modified_gmt":"2024-10-29T11:56:23","slug":"projekcie-witaminki","status":"publish","type":"page","link":"https:\/\/ciecina.e-przedszkolak.eu\/archiwum\/projekcie-witaminki\/","title":{"rendered":"Projekcie &#8222;Witaminki&#8221;"},"content":{"rendered":"<p style=\"text-align: justify;\">W tym Roku Szkolnym nasze przedszkolaki bior\u0105 udzia\u0142 w Og\u00f3lnopolskim Projekcie &#8222;Witaminki&#8221; organizowanym przez Bli\u017cej Przedszkole? Dzieci podejmuj\u0105 r\u00f3\u017cnorodne aktywno\u015bci promuj\u0105ce zdrowe nawyki \u017cywieniowe.<\/p>\n<p style=\"text-align: justify;\">Celem projektu jest kszta\u0142towanie ju\u017c od najm\u0142odszych lat kultury spo\u017cywania zdrowych posi\u0142k\u00f3w w kt\u00f3rych kr\u00f3luj\u0105 warzywa. Dzieci co miesi\u0105c poznaj\u0105 nowego bohatera warzywnego? zapraszamy do fotorelacji?<\/p>\n<p>&nbsp;<\/p>\nngg_shortcode_0_placeholder\n","protected":false},"excerpt":{"rendered":"<p>W tym Roku Szkolnym nasze przedszkolaki bior\u0105 udzia\u0142 w Og\u00f3lnopolskim Projekcie &#8222;Witaminki&#8221; organizowanym przez Bli\u017cej Przedszkole? Dzieci podejmuj\u0105 r\u00f3\u017cnorodne aktywno\u015bci promuj\u0105ce zdrowe nawyki \u017cywieniowe. Celem projektu jest kszta\u0142towanie ju\u017c od najm\u0142odszych lat kultury spo\u017cywania zdrowych posi\u0142k\u00f3w w kt\u00f3rych kr\u00f3luj\u0105 warzywa. Dzieci co miesi\u0105c poznaj\u0105 nowego bohatera warzywnego? zapraszamy do fotorelacji? &nbsp;<\/p>\n","protected":false},"author":2,"featured_media":0,"parent":0,"menu_order":0,"comment_status":"closed","ping_status":"closed","template":"","meta":{"ngg_post_thumbnail":0,"footnotes":""},"class_list":["post-13565","page","type-page","status-publish","hentry"],"jetpack_sharing_enabled":true,"_links":{"self":[{"href":"https:\/\/ciecina.e-przedszkolak.eu\/archiwum\/wp-json\/wp\/v2\/pages\/13565"}],"collection":[{"href":"https:\/\/ciecina.e-przedszkolak.eu\/archiwum\/wp-json\/wp\/v2\/pages"}],"about":[{"href":"https:\/\/ciecina.e-przedszkolak.eu\/archiwum\/wp-json\/wp\/v2\/types\/page"}],"author":[{"embeddable":true,"href":"https:\/\/ciecina.e-przedszkolak.eu\/archiwum\/wp-json\/wp\/v2\/users\/2"}],"replies":[{"embeddable":true,"href":"https:\/\/ciecina.e-przedszkolak.eu\/archiwum\/wp-json\/wp\/v2\/comments?post=13565"}],"version-history":[{"count":1,"href":"https:\/\/ciecina.e-przedszkolak.eu\/archiwum\/wp-json\/wp\/v2\/pages\/13565\/revisions"}],"predecessor-version":[{"id":13576,"href":"https:\/\/ciecina.e-przedszkolak.eu\/archiwum\/wp-json\/wp\/v2\/pages\/13565\/revisions\/13576"}],"wp:attachment":[{"href":"https:\/\/ciecina.e-przedszkolak.eu\/archiwum\/wp-json\/wp\/v2\/media?parent=13565"}],"curies":[{"name":"wp","href":"https:\/\/api.w.org\/{rel}","templated":true}]}}